{"id":598,"date":"2025-09-03T20:20:37","date_gmt":"2025-09-03T20:20:37","guid":{"rendered":"https:\/\/fikapp.com\/?page_id=598"},"modified":"2025-09-04T16:07:34","modified_gmt":"2025-09-04T16:07:34","slug":"refund-policy","status":"publish","type":"page","link":"https:\/\/fikapp.com\/es\/refund-policy\/","title":{"rendered":"Pol\u00edtica de reembolso"},"content":{"rendered":"<div data-elementor-type=\"wp-page\" data-elementor-id=\"598\" class=\"elementor elementor-598\" data-elementor-post-type=\"page\">\n\t\t\t\t\t\t<section class=\"elementor-section elementor-top-section elementor-element elementor-element-6ff0fd71 elementor-hidden-tablet elementor-hidden-mobile elementor-section-boxed elementor-section-height-default elementor-section-height-default\" data-id=\"6ff0fd71\" data-element_type=\"section\" data-settings=\"{&quot;background_background&quot;:&quot;classic&quot;}\">\n\t\t\t\t\t\t<div class=\"elementor-container elementor-column-gap-default\">\n\t\t\t\t\t<div class=\"elementor-column elementor-col-100 elementor-top-column elementor-element elementor-element-69abd15d\" data-id=\"69abd15d\" data-element_type=\"column\">\n\t\t\t<div class=\"elementor-widget-wrap elementor-element-populated\">\n\t\t\t\t\t\t<div class=\"elementor-element elementor-element-132308e0 elementor-widget elementor-widget-heading\" data-id=\"132308e0\" data-element_type=\"widget\" data-widget_type=\"heading.default\">\n\t\t\t\t<div class=\"elementor-widget-container\">\n\t\t\t\t\t<h2 class=\"elementor-heading-title elementor-size-default\">POL\u00cdTICA DE REEMBOLSO<\/h2>\t\t\t\t<\/div>\n\t\t\t\t<\/div>\n\t\t\t\t\t<\/div>\n\t\t<\/div>\n\t\t\t\t\t<\/div>\n\t\t<\/section>\n\t\t\t\t<section class=\"elementor-section elementor-top-section elementor-element elementor-element-672bf31d elementor-hidden-tablet elementor-hidden-mobile elementor-section-boxed elementor-section-height-default elementor-section-height-default\" data-id=\"672bf31d\" data-element_type=\"section\" data-settings=\"{&quot;background_background&quot;:&quot;classic&quot;}\">\n\t\t\t\t\t\t<div class=\"elementor-container elementor-column-gap-default\">\n\t\t\t\t\t<div class=\"elementor-column elementor-col-100 elementor-top-column elementor-element elementor-element-14987bf\" data-id=\"14987bf\" data-element_type=\"column\">\n\t\t\t<div class=\"elementor-widget-wrap elementor-element-populated\">\n\t\t\t\t\t\t<div class=\"elementor-element elementor-element-7effd759 elementor-widget elementor-widget-heading\" data-id=\"7effd759\" data-element_type=\"widget\" data-widget_type=\"heading.default\">\n\t\t\t\t<div class=\"elementor-widget-container\">\n\t\t\t\t\t<h2 class=\"elementor-heading-title elementor-size-default\">1. Introducci\u00f3n<\/h2>\t\t\t\t<\/div>\n\t\t\t\t<\/div>\n\t\t\t\t<div class=\"elementor-element elementor-element-115eed20 elementor-widget elementor-widget-text-editor\" data-id=\"115eed20\" data-element_type=\"widget\" data-widget_type=\"text-editor.default\">\n\t\t\t\t<div class=\"elementor-widget-container\">\n\t\t\t\t\t\t\t\t\t<p><span style=\"font-weight: 400;\">En Fikapp, valoramos nuestras asociaciones con los restaurantes y nos esforzamos por brindar un servicio excepcional. Nuestra pol\u00edtica de reembolso est\u00e1 dise\u00f1ada para garantizar equidad y transparencia, al tiempo que protege los intereses de nuestro negocio. Por favor, lee esta pol\u00edtica cuidadosamente para entender los t\u00e9rminos bajo los cuales se pueden emitir reembolsos.<\/span><\/p>\t\t\t\t\t\t\t\t<\/div>\n\t\t\t\t<\/div>\n\t\t\t\t<div class=\"elementor-element elementor-element-6771a5c9 elementor-widget elementor-widget-heading\" data-id=\"6771a5c9\" data-element_type=\"widget\" data-widget_type=\"heading.default\">\n\t\t\t\t<div class=\"elementor-widget-container\">\n\t\t\t\t\t<h2 class=\"elementor-heading-title elementor-size-default\">2. No se Emiten Reembolsos por Cambio de Opini\u00f3n o No Uso\n<\/h2>\t\t\t\t<\/div>\n\t\t\t\t<\/div>\n\t\t\t\t<div class=\"elementor-element elementor-element-7333b65f elementor-widget elementor-widget-text-editor\" data-id=\"7333b65f\" data-element_type=\"widget\" data-widget_type=\"text-editor.default\">\n\t\t\t\t<div class=\"elementor-widget-container\">\n\t\t\t\t\t\t\t\t\t<ul><li style=\"font-weight: 400;\" aria-level=\"1\"><b>Cambio de Opini\u00f3n:<\/b><span style=\"font-weight: 400;\"> No se proporcionar\u00e1n reembolsos si cambias de opini\u00f3n despu\u00e9s de comprar una suscripci\u00f3n o paquete promocional. Todas las ventas son finales.<\/span><\/li><li><b>No Uso de los Servicios: <\/b><span style=\"font-weight: 400;\">No se emitir\u00e1n reembolsos si no utilizas los servicios adquiridos. Una vez que se activa una suscripci\u00f3n o paquete promocional, se considera utilizado.<\/span><\/li><\/ul>\t\t\t\t\t\t\t\t<\/div>\n\t\t\t\t<\/div>\n\t\t\t\t<div class=\"elementor-element elementor-element-4fee7edb elementor-widget elementor-widget-heading\" data-id=\"4fee7edb\" data-element_type=\"widget\" data-widget_type=\"heading.default\">\n\t\t\t\t<div class=\"elementor-widget-container\">\n\t\t\t\t\t<h2 class=\"elementor-heading-title elementor-size-default\">3. Situaciones Limitadas para Reembolso<\/h2>\t\t\t\t<\/div>\n\t\t\t\t<\/div>\n\t\t\t\t<div class=\"elementor-element elementor-element-384a28fb elementor-widget elementor-widget-text-editor\" data-id=\"384a28fb\" data-element_type=\"widget\" data-widget_type=\"text-editor.default\">\n\t\t\t\t<div class=\"elementor-widget-container\">\n\t\t\t\t\t\t\t\t\t<p><span style=\"font-weight: 400;\">Los reembolsos solo se considerar\u00e1n en las siguientes circunstancias limitadas:<\/span><\/p><ul><li style=\"font-weight: 400;\" aria-level=\"1\"><b>Servicio No Prestado:<\/b><span style=\"font-weight: 400;\"> Si Fikapp no proporciona los servicios acordados seg\u00fan lo especificado en tu contrato (por ejemplo, si la aplicaci\u00f3n no funciona en absoluto o las promociones no se muestran debido a un error de nuestra parte), podr\u00edas ser elegible para un reembolso por el per\u00edodo durante el cual los servicios no fueron prestados.<\/span><\/li><li style=\"font-weight: 400;\" aria-level=\"1\"><b>Facturaci\u00f3n Incorrecta:<\/b><span style=\"font-weight: 400;\"> Si ha habido una facturaci\u00f3n incorrecta o un sobrecargo, emitiremos un reembolso por el monto sobrecargado una vez verificado.<\/span><\/li><\/ul>\t\t\t\t\t\t\t\t<\/div>\n\t\t\t\t<\/div>\n\t\t\t\t<div class=\"elementor-element elementor-element-79a29c1c elementor-widget elementor-widget-heading\" data-id=\"79a29c1c\" data-element_type=\"widget\" data-widget_type=\"heading.default\">\n\t\t\t\t<div class=\"elementor-widget-container\">\n\t\t\t\t\t<h2 class=\"elementor-heading-title elementor-size-default\">4. Condiciones para la Elegibilidad del Reembolso<\/h2>\t\t\t\t<\/div>\n\t\t\t\t<\/div>\n\t\t\t\t<div class=\"elementor-element elementor-element-73a20214 elementor-widget elementor-widget-text-editor\" data-id=\"73a20214\" data-element_type=\"widget\" data-widget_type=\"text-editor.default\">\n\t\t\t\t<div class=\"elementor-widget-container\">\n\t\t\t\t\t\t\t\t\t<p><span style=\"font-weight: 400;\">Para ser elegible para un reembolso bajo las circunstancias limitadas mencionadas anteriormente, debes cumplir con las siguientes condiciones:<\/span><\/p><ul><li style=\"font-weight: 400;\" aria-level=\"1\"><b>Notificaci\u00f3n Oportuna:<\/b><span style=\"font-weight: 400;\"> Debes notificarnos del problema dentro de los 7 d\u00edas posteriores a que ocurra. Las solicitudes tard\u00edas no ser\u00e1n consideradas.<\/span><\/li><li style=\"font-weight: 400;\" aria-level=\"1\"><b>Documentaci\u00f3n y Evidencia:<\/b><span style=\"font-weight: 400;\"> Proporciona toda la documentaci\u00f3n y evidencia necesaria que respalde tu solicitud de reembolso. Esto puede incluir capturas de pantalla, registros de errores y cualquier otra informaci\u00f3n relevante.<\/span><\/li><\/ul>\t\t\t\t\t\t\t\t<\/div>\n\t\t\t\t<\/div>\n\t\t\t\t<div class=\"elementor-element elementor-element-8d813f8 elementor-widget elementor-widget-heading\" data-id=\"8d813f8\" data-element_type=\"widget\" data-widget_type=\"heading.default\">\n\t\t\t\t<div class=\"elementor-widget-container\">\n\t\t\t\t\t<h2 class=\"elementor-heading-title elementor-size-default\">5. Proceso de Reembolso<\/h2>\t\t\t\t<\/div>\n\t\t\t\t<\/div>\n\t\t\t\t<div class=\"elementor-element elementor-element-6c2d82bd elementor-widget elementor-widget-text-editor\" data-id=\"6c2d82bd\" data-element_type=\"widget\" data-widget_type=\"text-editor.default\">\n\t\t\t\t<div class=\"elementor-widget-container\">\n\t\t\t\t\t\t\t\t\t<p><span style=\"font-weight: 400;\">Para solicitar un reembolso, sigue estos pasos:<\/span><\/p><ul><li style=\"font-weight: 400;\" aria-level=\"1\"><b>Contactar a Soporte:<\/b><span style=\"font-weight: 400;\"> Comun\u00edcate con nuestro equipo de soporte al cliente en info@fikapp.com con una explicaci\u00f3n detallada del problema y cualquier documentaci\u00f3n de respaldo.<\/span><\/li><li style=\"font-weight: 400;\" aria-level=\"1\"><b>Revisi\u00f3n y Decisi\u00f3n:<\/b><span style=\"font-weight: 400;\"> Nuestro equipo revisar\u00e1 tu solicitud y proporcionar\u00e1 una respuesta dentro de 10 d\u00edas h\u00e1biles. Si se aprueba, los reembolsos se procesar\u00e1n utilizando el m\u00e9todo de pago original dentro de 15 d\u00edas h\u00e1biles.<\/span><\/li><\/ul>\t\t\t\t\t\t\t\t<\/div>\n\t\t\t\t<\/div>\n\t\t\t\t<div class=\"elementor-element elementor-element-4f4b4696 elementor-widget elementor-widget-heading\" data-id=\"4f4b4696\" data-element_type=\"widget\" data-widget_type=\"heading.default\">\n\t\t\t\t<div class=\"elementor-widget-container\">\n\t\t\t\t\t<h2 class=\"elementor-heading-title elementor-size-default\">6. No se Emiten Reembolsos Prorrateados por Uso Parcial<\/h2>\t\t\t\t<\/div>\n\t\t\t\t<\/div>\n\t\t\t\t<div class=\"elementor-element elementor-element-546069cd elementor-widget elementor-widget-text-editor\" data-id=\"546069cd\" data-element_type=\"widget\" data-widget_type=\"text-editor.default\">\n\t\t\t\t<div class=\"elementor-widget-container\">\n\t\t\t\t\t\t\t\t\t<p><span style=\"font-weight: 400;\">No se proporcionar\u00e1n reembolsos por uso parcial de los servicios. Si cancelas tu suscripci\u00f3n o dejas de usar la aplicaci\u00f3n antes del final del ciclo de facturaci\u00f3n, no se emitir\u00e1n reembolsos prorrateados.<\/span><\/p>\t\t\t\t\t\t\t\t<\/div>\n\t\t\t\t<\/div>\n\t\t\t\t<div class=\"elementor-element elementor-element-8a97a56 elementor-widget elementor-widget-heading\" data-id=\"8a97a56\" data-element_type=\"widget\" data-widget_type=\"heading.default\">\n\t\t\t\t<div class=\"elementor-widget-container\">\n\t\t\t\t\t<h2 class=\"elementor-heading-title elementor-size-default\">7. Cambios en la Pol\u00edtica de Reembolso<\/h2>\t\t\t\t<\/div>\n\t\t\t\t<\/div>\n\t\t\t\t<div class=\"elementor-element elementor-element-516c1a0a elementor-widget elementor-widget-text-editor\" data-id=\"516c1a0a\" data-element_type=\"widget\" data-widget_type=\"text-editor.default\">\n\t\t\t\t<div class=\"elementor-widget-container\">\n\t\t\t\t\t\t\t\t\t<p><span style=\"font-weight: 400;\">Fikapp se reserva el derecho de actualizar o modificar esta Pol\u00edtica de Reembolso en cualquier momento. Cualquier cambio se comunicar\u00e1 a trav\u00e9s de la aplicaci\u00f3n, y tu uso continuo de la aplicaci\u00f3n constituye la aceptaci\u00f3n de la pol\u00edtica revisada.<\/span><\/p>\t\t\t\t\t\t\t\t<\/div>\n\t\t\t\t<\/div>\n\t\t\t\t<div class=\"elementor-element elementor-element-630adbea elementor-widget elementor-widget-heading\" data-id=\"630adbea\" data-element_type=\"widget\" data-widget_type=\"heading.default\">\n\t\t\t\t<div class=\"elementor-widget-container\">\n\t\t\t\t\t<h2 class=\"elementor-heading-title elementor-size-default\">8. Informaci\u00f3n de Contacto<\/h2>\t\t\t\t<\/div>\n\t\t\t\t<\/div>\n\t\t\t\t<div class=\"elementor-element elementor-element-1d3141f1 elementor-widget elementor-widget-text-editor\" data-id=\"1d3141f1\" data-element_type=\"widget\" data-widget_type=\"text-editor.default\">\n\t\t\t\t<div class=\"elementor-widget-container\">\n\t\t\t\t\t\t\t\t\t<p><span style=\"font-weight: 400;\">Si tienes alguna pregunta o inquietud sobre esta Pol\u00edtica de Reembolso, por favor cont\u00e1ctanos:<\/span><\/p><ul><li style=\"font-weight: 400;\" aria-level=\"1\"><b>Correo Electr\u00f3nico:<\/b><span style=\"font-weight: 400;\"> Info@fikapp.com<\/span><\/li><\/ul>\t\t\t\t\t\t\t\t<\/div>\n\t\t\t\t<\/div>\n\t\t\t\t\t<\/div>\n\t\t<\/div>\n\t\t\t\t\t<\/div>\n\t\t<\/section>\n\t\t\t\t<section class=\"elementor-section elementor-top-section elementor-element elementor-element-784e1249 elementor-hidden-desktop elementor-section-boxed elementor-section-height-default elementor-section-height-default\" data-id=\"784e1249\" data-element_type=\"section\" data-settings=\"{&quot;background_background&quot;:&quot;classic&quot;}\">\n\t\t\t\t\t\t<div class=\"elementor-container elementor-column-gap-default\">\n\t\t\t\t\t<div class=\"elementor-column elementor-col-100 elementor-top-column elementor-element elementor-element-b83ba31\" data-id=\"b83ba31\" data-element_type=\"column\">\n\t\t\t<div class=\"elementor-widget-wrap elementor-element-populated\">\n\t\t\t\t\t\t<div class=\"elementor-element elementor-element-1cd58004 elementor-widget elementor-widget-heading\" data-id=\"1cd58004\" data-element_type=\"widget\" data-widget_type=\"heading.default\">\n\t\t\t\t<div class=\"elementor-widget-container\">\n\t\t\t\t\t<h2 class=\"elementor-heading-title elementor-size-default\">POL\u00cdTICA DE REEMBOLSO<\/h2>\t\t\t\t<\/div>\n\t\t\t\t<\/div>\n\t\t\t\t\t<\/div>\n\t\t<\/div>\n\t\t\t\t\t<\/div>\n\t\t<\/section>\n\t\t\t\t<section class=\"elementor-section elementor-top-section elementor-element elementor-element-44fcf88c elementor-hidden-desktop elementor-section-boxed elementor-section-height-default elementor-section-height-default\" data-id=\"44fcf88c\" data-element_type=\"section\" data-settings=\"{&quot;background_background&quot;:&quot;classic&quot;}\">\n\t\t\t\t\t\t<div class=\"elementor-container elementor-column-gap-default\">\n\t\t\t\t\t<div class=\"elementor-column elementor-col-100 elementor-top-column elementor-element elementor-element-b0fc284\" data-id=\"b0fc284\" data-element_type=\"column\">\n\t\t\t<div class=\"elementor-widget-wrap elementor-element-populated\">\n\t\t\t\t\t\t<div class=\"elementor-element elementor-element-2ef1748 elementor-widget elementor-widget-heading\" data-id=\"2ef1748\" data-element_type=\"widget\" data-widget_type=\"heading.default\">\n\t\t\t\t<div class=\"elementor-widget-container\">\n\t\t\t\t\t<h2 class=\"elementor-heading-title elementor-size-default\">1. Introducci\u00f3n<\/h2>\t\t\t\t<\/div>\n\t\t\t\t<\/div>\n\t\t\t\t<div class=\"elementor-element elementor-element-251bc17 elementor-widget elementor-widget-text-editor\" data-id=\"251bc17\" data-element_type=\"widget\" data-widget_type=\"text-editor.default\">\n\t\t\t\t<div class=\"elementor-widget-container\">\n\t\t\t\t\t\t\t\t\t<p><span style=\"font-weight: 400;\">En Fikapp, valoramos nuestras asociaciones con los restaurantes y nos esforzamos por brindar un servicio excepcional. Nuestra pol\u00edtica de reembolso est\u00e1 dise\u00f1ada para garantizar equidad y transparencia, al tiempo que protege los intereses de nuestro negocio. Por favor, lee esta pol\u00edtica cuidadosamente para entender los t\u00e9rminos bajo los cuales se pueden emitir reembolsos.<\/span><\/p>\t\t\t\t\t\t\t\t<\/div>\n\t\t\t\t<\/div>\n\t\t\t\t<div class=\"elementor-element elementor-element-1fbfd62 elementor-widget elementor-widget-heading\" data-id=\"1fbfd62\" data-element_type=\"widget\" data-widget_type=\"heading.default\">\n\t\t\t\t<div class=\"elementor-widget-container\">\n\t\t\t\t\t<h2 class=\"elementor-heading-title elementor-size-default\">2. No se Emiten Reembolsos por Cambio de Opini\u00f3n o No Uso\n<\/h2>\t\t\t\t<\/div>\n\t\t\t\t<\/div>\n\t\t\t\t<div class=\"elementor-element elementor-element-7b4e468 elementor-widget elementor-widget-text-editor\" data-id=\"7b4e468\" data-element_type=\"widget\" data-widget_type=\"text-editor.default\">\n\t\t\t\t<div class=\"elementor-widget-container\">\n\t\t\t\t\t\t\t\t\t<ul><li style=\"font-weight: 400;\" aria-level=\"1\"><b>Cambio de Opini\u00f3n:<\/b><span style=\"font-weight: 400;\"> No se proporcionar\u00e1n reembolsos si cambias de opini\u00f3n despu\u00e9s de comprar una suscripci\u00f3n o paquete promocional. Todas las ventas son finales.<\/span><\/li><li><b>No Uso de los Servicios: <\/b><span style=\"font-weight: 400;\">No se emitir\u00e1n reembolsos si no utilizas los servicios adquiridos. Una vez que se activa una suscripci\u00f3n o paquete promocional, se considera utilizado.<\/span><\/li><\/ul>\t\t\t\t\t\t\t\t<\/div>\n\t\t\t\t<\/div>\n\t\t\t\t<div class=\"elementor-element elementor-element-91d433e elementor-widget elementor-widget-heading\" data-id=\"91d433e\" data-element_type=\"widget\" data-widget_type=\"heading.default\">\n\t\t\t\t<div class=\"elementor-widget-container\">\n\t\t\t\t\t<h2 class=\"elementor-heading-title elementor-size-default\">3. Situaciones Limitadas para Reembolso<\/h2>\t\t\t\t<\/div>\n\t\t\t\t<\/div>\n\t\t\t\t<div class=\"elementor-element elementor-element-1eda5be elementor-widget elementor-widget-text-editor\" data-id=\"1eda5be\" data-element_type=\"widget\" data-widget_type=\"text-editor.default\">\n\t\t\t\t<div class=\"elementor-widget-container\">\n\t\t\t\t\t\t\t\t\t<p><span style=\"font-weight: 400;\">Los reembolsos solo se considerar\u00e1n en las siguientes circunstancias limitadas:<\/span><\/p><ul><li style=\"font-weight: 400;\" aria-level=\"1\"><b>Servicio No Prestado:<\/b><span style=\"font-weight: 400;\"> Si Fikapp no proporciona los servicios acordados seg\u00fan lo especificado en tu contrato (por ejemplo, si la aplicaci\u00f3n no funciona en absoluto o las promociones no se muestran debido a un error de nuestra parte), podr\u00edas ser elegible para un reembolso por el per\u00edodo durante el cual los servicios no fueron prestados.<\/span><\/li><li style=\"font-weight: 400;\" aria-level=\"1\"><b>Facturaci\u00f3n Incorrecta:<\/b><span style=\"font-weight: 400;\"> Si ha habido una facturaci\u00f3n incorrecta o un sobrecargo, emitiremos un reembolso por el monto sobrecargado una vez verificado.<\/span><\/li><\/ul>\t\t\t\t\t\t\t\t<\/div>\n\t\t\t\t<\/div>\n\t\t\t\t<div class=\"elementor-element elementor-element-da45cea elementor-widget elementor-widget-heading\" data-id=\"da45cea\" data-element_type=\"widget\" data-widget_type=\"heading.default\">\n\t\t\t\t<div class=\"elementor-widget-container\">\n\t\t\t\t\t<h2 class=\"elementor-heading-title elementor-size-default\">4. Condiciones para la Elegibilidad del Reembolso<\/h2>\t\t\t\t<\/div>\n\t\t\t\t<\/div>\n\t\t\t\t<div class=\"elementor-element elementor-element-bc70baf elementor-widget elementor-widget-text-editor\" data-id=\"bc70baf\" data-element_type=\"widget\" data-widget_type=\"text-editor.default\">\n\t\t\t\t<div class=\"elementor-widget-container\">\n\t\t\t\t\t\t\t\t\t<p><span style=\"font-weight: 400;\">Para ser elegible para un reembolso bajo las circunstancias limitadas mencionadas anteriormente, debes cumplir con las siguientes condiciones:<\/span><\/p><ul><li style=\"font-weight: 400;\" aria-level=\"1\"><b>Notificaci\u00f3n Oportuna:<\/b><span style=\"font-weight: 400;\"> Debes notificarnos del problema dentro de los 7 d\u00edas posteriores a que ocurra. Las solicitudes tard\u00edas no ser\u00e1n consideradas.<\/span><\/li><li style=\"font-weight: 400;\" aria-level=\"1\"><b>Documentaci\u00f3n y Evidencia:<\/b><span style=\"font-weight: 400;\"> Proporciona toda la documentaci\u00f3n y evidencia necesaria que respalde tu solicitud de reembolso. Esto puede incluir capturas de pantalla, registros de errores y cualquier otra informaci\u00f3n relevante.<\/span><\/li><\/ul>\t\t\t\t\t\t\t\t<\/div>\n\t\t\t\t<\/div>\n\t\t\t\t<div class=\"elementor-element elementor-element-d1a4e76 elementor-widget elementor-widget-heading\" data-id=\"d1a4e76\" data-element_type=\"widget\" data-widget_type=\"heading.default\">\n\t\t\t\t<div class=\"elementor-widget-container\">\n\t\t\t\t\t<h2 class=\"elementor-heading-title elementor-size-default\">5. Proceso de Reembolso<\/h2>\t\t\t\t<\/div>\n\t\t\t\t<\/div>\n\t\t\t\t<div class=\"elementor-element elementor-element-4ae5ca4 elementor-widget elementor-widget-text-editor\" data-id=\"4ae5ca4\" data-element_type=\"widget\" data-widget_type=\"text-editor.default\">\n\t\t\t\t<div class=\"elementor-widget-container\">\n\t\t\t\t\t\t\t\t\t<p><span style=\"font-weight: 400;\">Para solicitar un reembolso, sigue estos pasos:<\/span><\/p><ul><li style=\"font-weight: 400;\" aria-level=\"1\"><b>Contactar a Soporte:<\/b><span style=\"font-weight: 400;\"> Comun\u00edcate con nuestro equipo de soporte al cliente en info@fikapp.com con una explicaci\u00f3n detallada del problema y cualquier documentaci\u00f3n de respaldo.<\/span><\/li><li style=\"font-weight: 400;\" aria-level=\"1\"><b>Revisi\u00f3n y Decisi\u00f3n:<\/b><span style=\"font-weight: 400;\"> Nuestro equipo revisar\u00e1 tu solicitud y proporcionar\u00e1 una respuesta dentro de 10 d\u00edas h\u00e1biles. Si se aprueba, los reembolsos se procesar\u00e1n utilizando el m\u00e9todo de pago original dentro de 15 d\u00edas h\u00e1biles.<\/span><\/li><\/ul>\t\t\t\t\t\t\t\t<\/div>\n\t\t\t\t<\/div>\n\t\t\t\t<div class=\"elementor-element elementor-element-98af3c0 elementor-widget elementor-widget-heading\" data-id=\"98af3c0\" data-element_type=\"widget\" data-widget_type=\"heading.default\">\n\t\t\t\t<div class=\"elementor-widget-container\">\n\t\t\t\t\t<h2 class=\"elementor-heading-title elementor-size-default\">6. No se Emiten Reembolsos Prorrateados por Uso Parcial<\/h2>\t\t\t\t<\/div>\n\t\t\t\t<\/div>\n\t\t\t\t<div class=\"elementor-element elementor-element-210357e elementor-widget elementor-widget-text-editor\" data-id=\"210357e\" data-element_type=\"widget\" data-widget_type=\"text-editor.default\">\n\t\t\t\t<div class=\"elementor-widget-container\">\n\t\t\t\t\t\t\t\t\t<p><span style=\"font-weight: 400;\">No se proporcionar\u00e1n reembolsos por uso parcial de los servicios. Si cancelas tu suscripci\u00f3n o dejas de usar la aplicaci\u00f3n antes del final del ciclo de facturaci\u00f3n, no se emitir\u00e1n reembolsos prorrateados.<\/span><\/p>\t\t\t\t\t\t\t\t<\/div>\n\t\t\t\t<\/div>\n\t\t\t\t<div class=\"elementor-element elementor-element-a6ad863 elementor-widget elementor-widget-heading\" data-id=\"a6ad863\" data-element_type=\"widget\" data-widget_type=\"heading.default\">\n\t\t\t\t<div class=\"elementor-widget-container\">\n\t\t\t\t\t<h2 class=\"elementor-heading-title elementor-size-default\">7. Cambios en la Pol\u00edtica de Reembolso<\/h2>\t\t\t\t<\/div>\n\t\t\t\t<\/div>\n\t\t\t\t<div class=\"elementor-element elementor-element-ef8852d elementor-widget elementor-widget-text-editor\" data-id=\"ef8852d\" data-element_type=\"widget\" data-widget_type=\"text-editor.default\">\n\t\t\t\t<div class=\"elementor-widget-container\">\n\t\t\t\t\t\t\t\t\t<p><span style=\"font-weight: 400;\">Fikapp se reserva el derecho de actualizar o modificar esta Pol\u00edtica de Reembolso en cualquier momento. Cualquier cambio se comunicar\u00e1 a trav\u00e9s de la aplicaci\u00f3n, y tu uso continuo de la aplicaci\u00f3n constituye la aceptaci\u00f3n de la pol\u00edtica revisada.<\/span><\/p>\t\t\t\t\t\t\t\t<\/div>\n\t\t\t\t<\/div>\n\t\t\t\t<div class=\"elementor-element elementor-element-5685da3 elementor-widget elementor-widget-heading\" data-id=\"5685da3\" data-element_type=\"widget\" data-widget_type=\"heading.default\">\n\t\t\t\t<div class=\"elementor-widget-container\">\n\t\t\t\t\t<h2 class=\"elementor-heading-title elementor-size-default\">8. Informaci\u00f3n de Contacto<\/h2>\t\t\t\t<\/div>\n\t\t\t\t<\/div>\n\t\t\t\t<div class=\"elementor-element elementor-element-eb1cdaa elementor-widget elementor-widget-text-editor\" data-id=\"eb1cdaa\" data-element_type=\"widget\" data-widget_type=\"text-editor.default\">\n\t\t\t\t<div class=\"elementor-widget-container\">\n\t\t\t\t\t\t\t\t\t<p><span style=\"font-weight: 400;\">Si tienes alguna pregunta o inquietud sobre esta Pol\u00edtica de Reembolso, por favor cont\u00e1ctanos:<\/span><\/p><ul><li style=\"font-weight: 400;\" aria-level=\"1\"><b>Correo Electr\u00f3nico:<\/b><span style=\"font-weight: 400;\"> Info@fikapp.com<\/span><\/li><\/ul>\t\t\t\t\t\t\t\t<\/div>\n\t\t\t\t<\/div>\n\t\t\t\t\t<\/div>\n\t\t<\/div>\n\t\t\t\t\t<\/div>\n\t\t<\/section>\n\t\t\t\t<\/div>","protected":false},"excerpt":{"rendered":"<p>REFUND POLICY 1. Introduction At Fikapp, we value our partnerships with restaurants and strive to provide exceptional service. Our refund policy is designed to ensure fairness and transparency, while also protecting the interests of our business. Please read this policy carefully to understand the terms under which refunds may be issued. 2. No Refunds for [&hellip;]<\/p>","protected":false},"author":1,"featured_media":0,"parent":0,"menu_order":0,"comment_status":"closed","ping_status":"closed","template":"elementor_header_footer","meta":{"footnotes":""},"class_list":["post-598","page","type-page","status-publish","hentry","entry"],"_links":{"self":[{"href":"https:\/\/fikapp.com\/es\/wp-json\/wp\/v2\/pages\/598","targetHints":{"allow":["GET"]}}],"collection":[{"href":"https:\/\/fikapp.com\/es\/wp-json\/wp\/v2\/pages"}],"about":[{"href":"https:\/\/fikapp.com\/es\/wp-json\/wp\/v2\/types\/page"}],"author":[{"embeddable":true,"href":"https:\/\/fikapp.com\/es\/wp-json\/wp\/v2\/users\/1"}],"replies":[{"embeddable":true,"href":"https:\/\/fikapp.com\/es\/wp-json\/wp\/v2\/comments?post=598"}],"version-history":[{"count":13,"href":"https:\/\/fikapp.com\/es\/wp-json\/wp\/v2\/pages\/598\/revisions"}],"predecessor-version":[{"id":640,"href":"https:\/\/fikapp.com\/es\/wp-json\/wp\/v2\/pages\/598\/revisions\/640"}],"wp:attachment":[{"href":"https:\/\/fikapp.com\/es\/wp-json\/wp\/v2\/media?parent=598"}],"curies":[{"name":"wp","href":"https:\/\/api.w.org\/{rel}","templated":true}]}}